{"id":954,"date":"2019-06-12T12:03:16","date_gmt":"2019-06-12T12:03:16","guid":{"rendered":"http:\/\/educacionacuatica.umh.es\/?page_id=954"},"modified":"2021-04-07T08:33:54","modified_gmt":"2021-04-07T08:33:54","slug":"faqs","status":"publish","type":"page","link":"https:\/\/educacionacuatica.umh.es\/pt\/faqs\/","title":{"rendered":"faqs"},"content":{"rendered":"<p>[et_pb_section admin_label=&#8221;Secci\u00f3n&#8221; fullwidth=&#8221;off&#8221; specialty=&#8221;off&#8221; background_image=&#8221;http:\/\/educacionacuatica.umh.es\/files\/2019\/05\/Portugues.jpg&#8221; transparent_background=&#8221;off&#8221; allow_player_pause=&#8221;off&#8221; inner_shadow=&#8221;off&#8221; parallax=&#8221;off&#8221; parallax_method=&#8221;off&#8221; padding_mobile=&#8221;off&#8221; make_fullwidth=&#8221;off&#8221; use_custom_width=&#8221;off&#8221; width_unit=&#8221;on&#8221; make_equal=&#8221;off&#8221; use_custom_gutter=&#8221;off&#8221;][et_pb_row admin_label=&#8221;Fila&#8221;][et_pb_column type=&#8221;1_3&#8243;][\/et_pb_column][et_pb_column type=&#8221;1_3&#8243;][et_pb_divider admin_label=&#8221;Separador&#8221; color=&#8221;#ffffff&#8221; show_divider=&#8221;off&#8221; height=&#8221;10&#8243; divider_style=&#8221;solid&#8221; divider_position=&#8221;top&#8221; hide_on_mobile=&#8221;on&#8221;]<\/p>\n<p>&nbsp;<\/p>\n<p>[\/et_pb_divider][\/et_pb_column][et_pb_column type=&#8221;1_3&#8243;][\/et_pb_column][\/et_pb_row][et_pb_row admin_label=&#8221;Fila&#8221;][et_pb_column type=&#8221;1_3&#8243;][\/et_pb_column][et_pb_column type=&#8221;1_3&#8243;][et_pb_divider admin_label=&#8221;Separador&#8221; color=&#8221;#ffffff&#8221; show_divider=&#8221;off&#8221; height=&#8221;10&#8243; divider_style=&#8221;solid&#8221; divider_position=&#8221;top&#8221; hide_on_mobile=&#8221;on&#8221;]<\/p>\n<p>&nbsp;<\/p>\n<p>[\/et_pb_divider][\/et_pb_column][et_pb_column type=&#8221;1_3&#8243;][\/et_pb_column][\/et_pb_row][et_pb_row admin_label=&#8221;Fila&#8221;][et_pb_column type=&#8221;1_3&#8243;][\/et_pb_column][et_pb_column type=&#8221;1_3&#8243;][et_pb_divider admin_label=&#8221;Separador&#8221; color=&#8221;#ffffff&#8221; show_divider=&#8221;off&#8221; height=&#8221;10&#8243; divider_style=&#8221;solid&#8221; divider_position=&#8221;top&#8221; hide_on_mobile=&#8221;on&#8221;]<\/p>\n<p>&nbsp;<\/p>\n<p>[\/et_pb_divider][\/et_pb_column][et_pb_column type=&#8221;1_3&#8243;][\/et_pb_column][\/et_pb_row][et_pb_row admin_label=&#8221;Fila&#8221;][\/et_pb_row][\/et_pb_section][et_pb_section admin_label=&#8221;section&#8221;][et_pb_row admin_label=&#8221;row&#8221;][et_pb_column type=&#8221;4_4&#8243;][et_pb_text admin_label=&#8221;Texto&#8221; background_layout=&#8221;light&#8221; text_orientation=&#8221;left&#8221; use_border_color=&#8221;off&#8221; border_color=&#8221;#ffffff&#8221; border_style=&#8221;solid&#8221;]<\/p>\n<p>Este\u00a0especializa\u00e7\u00e3o profissionaliza as pessoas que desejam adquirir uma educa\u00e7\u00e3o formal com validade oficial no campo da educa\u00e7\u00e3o aqu\u00e1tica. O curso tem uma carga de ensino de 250 horas e tem uma natureza sem contato (\u00e9 ensinado inteiramente on-line).<\/p>\n<p>Abaixo, resumimos as perguntas e preocupa\u00e7\u00f5es mais frequentes que estamos recebendo no processo de admiss\u00e3o de estudantes.<\/p>\n<p>[\/et_pb_text][et_pb_toggle admin_label=&#8221;Conmutador&#8221; title=&#8221;1. Sobre o processo de admiss\u00e3o&#8221; open=&#8221;off&#8221; use_border_color=&#8221;off&#8221; border_color=&#8221;#ffffff&#8221; border_style=&#8221;solid&#8221;]<\/p>\n<p><strong>Quais requisitos s\u00e3o necess\u00e1rios para obter a especializa\u00e7\u00e3o?<\/strong><\/p>\n<p>Para fazer a Especializa\u00e7\u00e3o, n\u00e3o \u00e9 obrigat\u00f3rio ter um diploma universit\u00e1rio.<\/p>\n<p><strong>Existem graus preferidos?<\/strong><\/p>\n<p>Sim, a prefer\u00eancia ser\u00e1 as pessoas que est\u00e3o na posse de qualquer um dos t\u00edtulos considerados como relacionadas com o t\u00edtulo proposto, ou seja, de gradua\u00e7\u00e3o ou p\u00f3s-gradua\u00e7\u00e3o em Ci\u00eancias da Atividade F\u00edsica e do Desporto, Educa\u00e7\u00e3o F\u00edsica, professores, Psicologia, Pedagogia, e todos aqueles novos graus ou outros graus em que o candidato estudou disciplinas educacionais.<\/p>\n<p><strong>Posso acessar com um t\u00edtulo TAFAD? Isso seria o suficiente?<\/strong><\/p>\n<p>Sim, seria o suficiente.<\/p>\n<p><strong>O que eu fa\u00e7o depois de me registrar? Qual documenta\u00e7\u00e3o eu preciso?<\/strong><\/p>\n<p>Quando voc\u00ea faz a linha pr\u00e9-inscri\u00e7\u00e3o (formul\u00e1rio de inscri\u00e7\u00e3o:\u00a0<a href=\"http:\/\/universite.umh.es\/fpogestion\/aspx\/Preinscripcion\/Preinscripcion.aspx\" target=\"_blank\">http:\/\/universite.umh.es\/fpogestion\/aspx\/Preinscripcion\/Preinscripcion.aspx<\/a>) voc\u00ea tem que certificar-se de confirmar e salvar ou imprimir o recibo que \u00e9 gerado em um email de confirma\u00e7\u00e3o que voc\u00ea receber\u00e1.<\/p>\n<p><strong>Feito isso, voc\u00ea deve enviar a seguinte documenta\u00e7\u00e3o:<\/strong><\/p>\n<ul>\n<li>Comprovante de pr\u00e9-registro (informa\u00e7\u00f5es de e-mail de confirma\u00e7\u00e3o que voc\u00ea receber\u00e1 ao prescrever).<\/li>\n<li>Fotoc\u00f3pia do ID, NIF ou passaporte.<\/li>\n<li>Curriculum Vitae em formato padr\u00e3o.<\/li>\n<\/ul>\n<p><strong>Como e onde devo apresentar a documenta\u00e7\u00e3o para admiss\u00e3o?<\/strong><\/p>\n<p>Depois de ter pr\u00e9-registrado e preparado toda a documenta\u00e7\u00e3o necess\u00e1ria, voc\u00ea deve enviar todos os digitalizados para o seguinte endere\u00e7o:\u00a0lamoraga@umh.es<\/p>\n<p>[\/et_pb_toggle][et_pb_toggle admin_label=&#8221;Conmutador&#8221; title=&#8221;2. Sobre o t\u00edtulo&#8221; open=&#8221;off&#8221; use_border_color=&#8221;off&#8221; border_color=&#8221;#ffffff&#8221; border_style=&#8221;solid&#8221;]<\/p>\n<p><strong>Posso lev\u00e1-lo se moro em outro pa\u00eds que n\u00e3o a Espanha?<\/strong><\/p>\n<p>Sim.\u00a0A Especializa\u00e7\u00e3o tem um car\u00e1cter internacional, tanto em conte\u00fado e metodologia prevista (totalmente on-line), para que qualquer pessoa de qualquer pa\u00eds interessado em fazer o curso (por exemplo, M\u00e9xico, Brasil, Portugal, Chile, Col\u00f4mbia, Equador , etc.) pode acess\u00e1-lo sem problema.<\/p>\n<p><strong>Qual \u00e9 a validade do t\u00edtulo internacionalmente?<\/strong><\/p>\n<p>A Especializa\u00e7\u00e3o \u00e9 oficial e emitida por uma Universidade P\u00fablica Espanhola: Universidade Miguel Hern\u00e1ndez de Elche.<\/p>\n<p>[\/et_pb_toggle][et_pb_toggle admin_label=&#8221;Conmutador&#8221; title=&#8221;3. Sobre datas importantes&#8221; open=&#8221;off&#8221; use_border_color=&#8221;off&#8221; border_color=&#8221;#ffffff&#8221; border_style=&#8221;solid&#8221;]<\/p>\n<p>Per\u00edodo de inscri\u00e7\u00e3o: de 25\/03\/2021 a 15\/10\/2021<\/p>\n<p>Per\u00edodo de inscri\u00e7\u00e3o: de 25\/03\/2021 a 15\/10\/2021<\/p>\n<p><strong>Dura\u00e7\u00e3o<\/strong>: 02\/11\/2021 a 08\/06\/2022<\/p>\n<p>[\/et_pb_toggle][et_pb_toggle admin_label=&#8221;Conmutador&#8221; title=&#8221;4. Sobre o calend\u00e1rio acad\u00eamico&#8221; open=&#8221;off&#8221; use_border_color=&#8221;off&#8221; border_color=&#8221;#ffffff&#8221; border_style=&#8221;solid&#8221;]<\/p>\n<p>Atrav\u00e9s do Campus Virtual voc\u00ea ser\u00e1 informado sobre o Calend\u00e1rio Acad\u00eamico e os diferentes prazos que regem os procedimentos administrativos da UMH.<\/p>\n<p>[\/et_pb_toggle][et_pb_toggle admin_label=&#8221;Conmutador&#8221; title=&#8221;5. Sobre o cronograma previsto para este t\u00edtulo&#8221; open=&#8221;off&#8221; use_border_color=&#8221;off&#8221; border_color=&#8221;#ffffff&#8221; border_style=&#8221;solid&#8221;]<\/p>\n<p>O curso de Especializa\u00e7\u00e3o \u00e9 oferecido na modalidade te\u00f3rico-pr\u00e1tica com carga hor\u00e1ria de 250 horas, com carga te\u00f3rica e pr\u00e1tica.<\/p>\n<p>A forma\u00e7\u00e3o \u00e9 ministrada em ano letivo (2021\/2022), e est\u00e1 dividida em v\u00e1rios m\u00f3dulos que ser\u00e3o apresentados a cada m\u00eas.<\/p>\n<p>As disciplinas e o per\u00edodo de ensino s\u00e3o apresentados a seguir:<\/p>\n<p>&#8211; Novembro de 2021: Fundamentos e princ\u00edpios para uma educa\u00e7\u00e3o aqu\u00e1tica.<\/p>\n<p>&#8211; Dezembro de 2021: Recursos pedag\u00f3gicos para educa\u00e7\u00e3o aqu\u00e1tica.<\/p>\n<p>&#8211; Janeiro de 2022: Desenvolvimento evolutivo da competi\u00e7\u00e3o aqu\u00e1tica.<\/p>\n<p>&#8211; fevereiro de 2022: Educa\u00e7\u00e3o aqu\u00e1tica para beb\u00eas e crian\u00e7as.<\/p>\n<p>&#8211; Mar\u00e7o e abril de 2022: M\u00e9todos de ensino de atividades aqu\u00e1ticas e sua avalia\u00e7\u00e3o.<\/p>\n<p>&#8211; Maio de 2022: Projeto e planejamento de atividades aqu\u00e1ticas escolares (infantil, prim\u00e1ria e ESO).<\/p>\n<p>&#8211; Junho de 2022: Educa\u00e7\u00e3o aqu\u00e1tica inclusiva.<\/p>\n<p>&#8211; Junho de 2022: Seguran\u00e7a e meio aqu\u00e1tico.<\/p>\n<p>&#8211; novembro de 2021 a maio de 2022: Projeto de especializa\u00e7\u00e3o final.<\/p>\n<p>[\/et_pb_toggle][et_pb_toggle admin_label=&#8221;Conmutador&#8221; title=&#8221;6. Sobre o pre\u00e7o&#8221; open=&#8221;off&#8221; use_border_color=&#8221;off&#8221; border_color=&#8221;#ffffff&#8221; border_style=&#8221;solid&#8221;]<\/p>\n<p><strong>O que o t\u00edtulo me custou? Como posso pagar em parcelas? Terei um custo adicional para financiamento?<\/strong><\/p>\n<p>O t\u00edtulo custa 1175,50 euros.<\/p>\n<p>Voc\u00ea pode dividir o pagamento em duas parcelas:<\/p>\n<ul>\n<li>Primeiro termo: representar\u00e1 60% do pre\u00e7o total do registro. Deve ser pago antes do in\u00edcio do curso.<\/li>\n<li>Segundo mandato: equivalente a 40% do pre\u00e7o total da mensalidade. Deve ser pago dentro de dois meses a partir do in\u00edcio do curso.<\/li>\n<\/ul>\n<p><strong>Existem subs\u00eddios ou bolsas de estudo para este grau?<\/strong><\/p>\n<p>Neste link voc\u00ea pode acessar as informa\u00e7\u00f5es sobre o pagamento fracionado. N\u00e3o implica custos adicionais para financiamento. <a href=\"https:\/\/umh.es\/becas.html\" target=\"_blank\">https:\/\/umh.es\/becas.html<\/a><\/p>\n<p><strong>Como fa\u00e7o o pagamento?<\/strong><\/p>\n<p>Depois de ter feito o pr\u00e9-registo e enviado o recibo que ir\u00e1 receber juntamente com o seu documento de identifica\u00e7\u00e3o (RG, passaporte) e CV para lamoraga@umh.es, receber\u00e1 por correio um recibo e instru\u00e7\u00f5es de pagamento atrav\u00e9s da plataforma virtual de pagamento do UMH. Voc\u00ea precisar\u00e1 de um cart\u00e3o de banco habilitado para inserir seus dados.<\/p>\n<p>[\/et_pb_toggle][et_pb_toggle admin_label=&#8221;Conmutador&#8221; title=&#8221;7. No caminho para acessar o curso uma vez iniciado&#8221; open=&#8221;off&#8221; use_border_color=&#8221;off&#8221; border_color=&#8221;#ffffff&#8221; border_style=&#8221;solid&#8221;]<\/p>\n<p><strong>Posso pegar a especializa\u00e7\u00e3o de qualquer dispositivo?<\/strong><\/p>\n<p>Sim, qualquer pessoa com um dispositivo m\u00f3vel ou computador com acesso \u00e0 Internet pode acessar o conte\u00fado do curso sem problemas.<\/p>\n<p>[\/et_pb_toggle][et_pb_toggle admin_label=&#8221;Conmutador&#8221; title=&#8221;8. Sobre as pr\u00e1ticas&#8221; open=&#8221;off&#8221; use_border_color=&#8221;off&#8221; border_color=&#8221;#ffffff&#8221; border_style=&#8221;solid&#8221;]<\/p>\n<p><strong>Preciso fazer um est\u00e1gio em uma instala\u00e7\u00e3o?<\/strong><\/p>\n<p>N\u00e3o. O conte\u00fado pr\u00e1tico tamb\u00e9m ser\u00e1 ensinado on-line com os te\u00f3ricos para tornar mais f\u00e1cil tirar o t\u00edtulo de qualquer situa\u00e7\u00e3o.<\/p>\n<p>[\/et_pb_toggle][et_pb_toggle admin_label=&#8221;Conmutador&#8221; title=&#8221;9. Sobre a metodologia que ser\u00e1 usada&#8221; open=&#8221;off&#8221; use_border_color=&#8221;off&#8221; border_color=&#8221;#ffffff&#8221; border_style=&#8221;solid&#8221;]<\/p>\n<p>Neste processo, o Campus Virtual ser\u00e1 uma ferramenta fundamental para a intera\u00e7\u00e3o entre o professor e o aluno. Assim, ambos podem estabelecer comunica\u00e7\u00e3o direta por meio de:<\/p>\n<p>&#8211; Masterclass virtual: em cada assunto, os professores especialistas dar\u00e3o confer\u00eancias virtuais que estar\u00e3o dispon\u00edveis para o aluno no campus virtual.<\/p>\n<p>&#8211; Material did\u00e1tico interativo: cada disciplina ter\u00e1 um programa digitalizado.<\/p>\n<p>&#8211; Tutoriais individuais e coletivos: Por meio de videoconfer\u00eancias, os alunos realizar\u00e3o tutoriais com o corpo docente e com o restante dos colegas.<\/p>\n<p>&#8211; F\u00f3runs: Haver\u00e1 f\u00f3runs para discutir os aspectos pendentes de cada um dos assuntos.<\/p>\n<p>&#8211; Recursos bibliogr\u00e1ficos: material bibliogr\u00e1fico excepcional ser\u00e1 disponibilizado aos alunos.<\/p>\n<p>Este curso \u00e9 ministrado por professores e especialistas de reconhecido prest\u00edgio nacional e internacional. A fim de alcan\u00e7ar uma maior qualidade do conte\u00fado oferecido e apoiar o aluno em seu processo de aprendizado para que ele obtenha o m\u00e1ximo proveito dele, eles t\u00eam diferentes figuras de ensino:<\/p>\n<p>&#8211; Respons\u00e1vel professor: cada um dos onze sujeitos tem um professor cuja tarefa \u00e9 coordenar o assunto pelo qual ele \u00e9 respons\u00e1vel, responder a quest\u00f5es levantadas pelos alunos, organizar e moderar f\u00f3runs, ensinar v\u00eddeo-aulas e, finalmente, dirigir o assunto. .<\/p>\n<p>&#8211; Professor especialista: todos os assuntos cont\u00eam pelo menos um conjunto de videoaulas. \u00c9 o professor especialista que \u00e9 respons\u00e1vel pela exposi\u00e7\u00e3o dessas p\u00edlulas de conhecimento. Esta figura permite que profissionais, pesquisadores e especialistas do mais alto n\u00edvel internacional ofere\u00e7am ao aluno seus conhecimentos sobre um t\u00f3pico espec\u00edfico que lida em profundidade e que constitui uma quest\u00e3o fundamental dentro de todo o assunto.<\/p>\n<p>&#8211; Tutor de trabalho: O trabalho de final de curso \u00e9 um trabalho cient\u00edfico te\u00f3rico ou pr\u00e1tico original em que se aplicam e desenvolvem os conhecimentos e habilidades adquiridos durante a realiza\u00e7\u00e3o do mesmo. A fim de realizar a tese de mestrado, no primeiro semestre cada aluno ser\u00e1 atribu\u00eddo um tutor cujo trabalho ser\u00e1 dirigir e supervisionar o trabalho que deve estar em uma das linhas de pesquisa do curso.<\/p>\n<p>Todas as disciplinas t\u00eam desde o in\u00edcio uma ativa sala de aula virtual geral para videoconfer\u00eancias e um f\u00f3rum geral para resolver quest\u00f5es relacionadas \u00e0 metodologia, procedimentos de avalia\u00e7\u00e3o e outros blocos n\u00e3o espec\u00edficos da agenda.<\/p>\n<p>Programa de Tutor<\/p>\n<p>Cada aluno tem um professor-tutor encarregado de seu acompanhamento pessoal, aconselhando sobre assuntos acad\u00eamicos (organiza\u00e7\u00e3o do tempo de estudo, distribui\u00e7\u00e3o do n\u00famero de cr\u00e9ditos, sess\u00f5es de exame, facilitando o acesso aos recursos, etc.). Em suma, trata-se de uma atividade de acompanhamento individualizado da aprendizagem do aluno para alcan\u00e7ar maior desempenho acad\u00eamico e integra\u00e7\u00e3o na vida universit\u00e1ria.<\/p>\n<p>[\/et_pb_toggle][et_pb_toggle admin_label=&#8221;Conmutador&#8221; title=&#8221;10. Sobre a avalia\u00e7\u00e3o&#8221; open=&#8221;off&#8221; use_border_color=&#8221;off&#8221; border_color=&#8221;#ffffff&#8221; border_style=&#8221;solid&#8221;]<\/p>\n<p><strong>Como vou ser avaliado?<\/strong><\/p>\n<p>A avalia\u00e7\u00e3o ser\u00e1 on-line atrav\u00e9s de auto-registro em que o aluno pode acessar individualmente a partir de seu dispositivo na data agendada da chamada \u00e0 qual pertencem. O link s\u00f3 admitir\u00e1 que \u00e9 respondido uma vez.<\/p>\n<p><strong>Quantas possibilidades eu tenho?<\/strong><\/p>\n<p>Durante o ano letivo em que a especializa\u00e7\u00e3o ter\u00e1 a dura\u00e7\u00e3o de 8 meses, ter\u00e1 duas possibilidades de avalia\u00e7\u00e3o, uma cont\u00ednua e outra final.<\/p>\n<p>[\/et_pb_toggle][\/et_pb_column][\/et_pb_row][\/et_pb_section][et_pb_section admin_label=&#8221;banner&#8221; global_module=&#8221;1076&#8243; fullwidth=&#8221;off&#8221; specialty=&#8221;off&#8221; transparent_background=&#8221;off&#8221; background_color=&#8221;#ffc72c&#8221; allow_player_pause=&#8221;off&#8221; inner_shadow=&#8221;off&#8221; parallax=&#8221;off&#8221; parallax_method=&#8221;off&#8221; custom_padding=&#8221;0px||0px|&#8221; padding_mobile=&#8221;on&#8221; make_fullwidth=&#8221;off&#8221; use_custom_width=&#8221;off&#8221; width_unit=&#8221;on&#8221; make_equal=&#8221;off&#8221; use_custom_gutter=&#8221;off&#8221; module_class=&#8221;banner&#8221; custom_css_main_element=&#8221;position: fixed;||left: 0;||right: 0;||bottom: 0;||z-index: 100;&#8221; disabled=&#8221;off&#8221; disabled_on=&#8221;off|off|off&#8221;][et_pb_row global_parent=&#8221;1076&#8243; admin_label=&#8221;Fila&#8221; make_fullwidth=&#8221;off&#8221; use_custom_width=&#8221;on&#8221; width_unit=&#8221;on&#8221; custom_width_px=&#8221;860px&#8221; use_custom_gutter=&#8221;off&#8221; padding_mobile=&#8221;on&#8221; allow_player_pause=&#8221;off&#8221; parallax=&#8221;off&#8221; parallax_method=&#8221;off&#8221; make_equal=&#8221;off&#8221; parallax_1=&#8221;off&#8221; parallax_method_1=&#8221;off&#8221; parallax_2=&#8221;off&#8221; parallax_method_2=&#8221;off&#8221; column_padding_mobile=&#8221;on&#8221; custom_css_main_1=&#8221;margin-bottom: 0;&#8221;][et_pb_column type=&#8221;1_2&#8243;][et_pb_text global_parent=&#8221;1076&#8243; admin_label=&#8221;Texto&#8221; background_layout=&#8221;light&#8221; text_orientation=&#8221;center&#8221; use_border_color=&#8221;off&#8221; border_color=&#8221;#ffffff&#8221; border_style=&#8221;solid&#8221;]<\/p>\n<h4>Periodo de preinscripci\u00f3n abierto<\/h4>\n<p>[\/et_pb_text][\/et_pb_column][et_pb_column type=&#8221;1_4&#8243;][et_pb_button global_parent=&#8221;1076&#8243; admin_label=&#8221;Bot\u00f3n&#8221; button_url=&#8221;http:\/\/universite.umh.es\/fpogestion\/aspx\/Preinscripcion\/Preinscripcion.aspx&#8221; url_new_window=&#8221;on&#8221; button_text=&#8221;\u00a1Preinscr\u00edbete!&#8221; button_alignment=&#8221;center&#8221; background_layout=&#8221;dark&#8221; custom_button=&#8221;on&#8221; button_bg_color=&#8221;#a6192e&#8221; button_border_color=&#8221;#a6192e&#8221; button_letter_spacing=&#8221;0&#8243; button_use_icon=&#8221;default&#8221; button_icon_placement=&#8221;right&#8221; button_on_hover=&#8221;on&#8221; button_letter_spacing_hover=&#8221;0&#8243;] [\/et_pb_button][\/et_pb_column][et_pb_column type=&#8221;1_4&#8243;][et_pb_button global_parent=&#8221;1076&#8243; admin_label=&#8221;Bot\u00f3n&#8221; button_url=&#8221;https:\/\/drive.google.com\/file\/d\/1CcsZdQwUVPbdG6wE_BnDtGGnhJkp3cLS\/view&#8221; url_new_window=&#8221;off&#8221; button_text=&#8221;Programa&#8221; button_alignment=&#8221;left&#8221; background_layout=&#8221;dark&#8221; custom_button=&#8221;on&#8221; button_text_color=&#8221;#ffffff&#8221; button_bg_color=&#8221;#81d742&#8243; button_border_color=&#8221;rgba(255,255,255,0)&#8221; button_letter_spacing=&#8221;0&#8243; button_use_icon=&#8221;default&#8221; button_icon=&#8221;%%232%%&#8221; button_icon_placement=&#8221;right&#8221; button_on_hover=&#8221;on&#8221; button_letter_spacing_hover=&#8221;0&#8243;] [\/et_pb_button][\/et_pb_column][\/et_pb_row][\/et_pb_section]<\/p>","protected":false},"excerpt":{"rendered":"<p>[et_pb_section admin_label=&#8221;Secci\u00f3n&#8221; fullwidth=&#8221;off&#8221; specialty=&#8221;off&#8221; background_image=&#8221;http:\/\/educacionacuatica.umh.es\/files\/2019\/05\/Portugues.jpg&#8221; transparent_background=&#8221;off&#8221; allow_player_pause=&#8221;off&#8221; inner_shadow=&#8221;off&#8221; parallax=&#8221;off&#8221; parallax_method=&#8221;off&#8221; padding_mobile=&#8221;off&#8221; make_fullwidth=&#8221;off&#8221; use_custom_width=&#8221;off&#8221; width_unit=&#8221;on&#8221; make_equal=&#8221;off&#8221; use_custom_gutter=&#8221;off&#8221;][et_pb_row admin_label=&#8221;Fila&#8221;][et_pb_column type=&#8221;1_3&#8243;][\/et_pb_column][et_pb_column type=&#8221;1_3&#8243;][et_pb_divider admin_label=&#8221;Separador&#8221; color=&#8221;#ffffff&#8221; show_divider=&#8221;off&#8221; height=&#8221;10&#8243; divider_style=&#8221;solid&#8221; divider_position=&#8221;top&#8221; hide_on_mobile=&#8221;on&#8221;] &nbsp; [\/et_pb_divider][\/et_pb_column][et_pb_column type=&#8221;1_3&#8243;][\/et_pb_column][\/et_pb_row][et_pb_row admin_label=&#8221;Fila&#8221;][et_pb_column type=&#8221;1_3&#8243;][\/et_pb_column][et_pb_column type=&#8221;1_3&#8243;][et_pb_divider admin_label=&#8221;Separador&#8221; color=&#8221;#ffffff&#8221; show_divider=&#8221;off&#8221; height=&#8221;10&#8243; divider_style=&#8221;solid&#8221; divider_position=&#8221;top&#8221; hide_on_mobile=&#8221;on&#8221;] &nbsp; [\/et_pb_divider][\/et_pb_column][et_pb_column type=&#8221;1_3&#8243;][\/et_pb_column][\/et_pb_row][et_pb_row admin_label=&#8221;Fila&#8221;][et_pb_column type=&#8221;1_3&#8243;][\/et_pb_column][et_pb_column type=&#8221;1_3&#8243;][et_pb_divider admin_label=&#8221;Separador&#8221; color=&#8221;#ffffff&#8221; show_divider=&#8221;off&#8221; height=&#8221;10&#8243; divider_style=&#8221;solid&#8221; divider_position=&#8221;top&#8221; hide_on_mobile=&#8221;on&#8221;] &nbsp; [\/et_pb_divider][\/et_pb_column][et_pb_column type=&#8221;1_3&#8243;][\/et_pb_column][\/et_pb_row][et_pb_row [&hellip;]<\/p>\n","protected":false},"author":1159,"featured_media":0,"parent":0,"menu_order":0,"comment_status":"open","ping_status":"open","template":"","meta":{"_links_to":"","_links_to_target":""},"_links":{"self":[{"href":"https:\/\/educacionacuatica.umh.es\/pt\/wp-json\/wp\/v2\/pages\/954"}],"collection":[{"href":"https:\/\/educacionacuatica.umh.es\/pt\/wp-json\/wp\/v2\/pages"}],"about":[{"href":"https:\/\/educacionacuatica.umh.es\/pt\/wp-json\/wp\/v2\/types\/page"}],"author":[{"embeddable":true,"href":"https:\/\/educacionacuatica.umh.es\/pt\/wp-json\/wp\/v2\/users\/1159"}],"replies":[{"embeddable":true,"href":"https:\/\/educacionacuatica.umh.es\/pt\/wp-json\/wp\/v2\/comments?post=954"}],"version-history":[{"count":0,"href":"https:\/\/educacionacuatica.umh.es\/pt\/wp-json\/wp\/v2\/pages\/954\/revisions"}],"wp:attachment":[{"href":"https:\/\/educacionacuatica.umh.es\/pt\/wp-json\/wp\/v2\/media?parent=954"}],"curies":[{"name":"wp","href":"https:\/\/api.w.org\/{rel}","templated":true}]}}