{"id":322,"date":"2019-05-27T11:49:52","date_gmt":"2019-05-27T11:49:52","guid":{"rendered":"http:\/\/educacionacuatica.umh.es\/?page_id=322"},"modified":"2021-04-07T08:18:17","modified_gmt":"2021-04-07T08:18:17","slug":"acceso","status":"publish","type":"page","link":"https:\/\/educacionacuatica.umh.es\/pt\/acceso\/","title":{"rendered":"Acesso"},"content":{"rendered":"<p>[et_pb_section admin_label=&#8221;section&#8221; bb_built=&#8221;1&#8243; _builder_version=&#8221;3.10.1&#8243; use_background_color_gradient=&#8221;on&#8221; background_size=&#8221;initial&#8221; prev_background_color=&#8221;#6fb97a&#8221; next_background_color=&#8221;#ffffff&#8221; transparent_background=&#8221;off&#8221; allow_player_pause=&#8221;off&#8221; inner_shadow=&#8221;off&#8221; parallax=&#8221;off&#8221; parallax_method=&#8221;off&#8221; padding_mobile=&#8221;off&#8221; make_fullwidth=&#8221;off&#8221; use_custom_width=&#8221;off&#8221; width_unit=&#8221;on&#8221; make_equal=&#8221;off&#8221; use_custom_gutter=&#8221;off&#8221; background_image=&#8221;http:\/\/educacionacuatica.umh.es\/files\/2019\/05\/Portugues.jpg&#8221;][et_pb_row admin_label=&#8221;Fila&#8221;][et_pb_column type=&#8221;1_4&#8243;][\/et_pb_column][et_pb_column type=&#8221;1_2&#8243;][et_pb_divider admin_label=&#8221;Separador&#8221; color=&#8221;#ffffff&#8221; show_divider=&#8221;off&#8221; divider_style=&#8221;solid&#8221; divider_position=&#8221;top&#8221; hide_on_mobile=&#8221;on&#8221; height=&#8221;10&#8243;]<\/p>\n<p>&nbsp;<\/p>\n<p>[\/et_pb_divider][\/et_pb_column][et_pb_column type=&#8221;1_4&#8243;][\/et_pb_column][\/et_pb_row][et_pb_row admin_label=&#8221;Fila&#8221;][et_pb_column type=&#8221;1_4&#8243;][\/et_pb_column][et_pb_column type=&#8221;1_2&#8243;][et_pb_divider admin_label=&#8221;Separador&#8221; color=&#8221;#ffffff&#8221; show_divider=&#8221;off&#8221; divider_style=&#8221;solid&#8221; divider_position=&#8221;top&#8221; hide_on_mobile=&#8221;on&#8221; height=&#8221;10&#8243;]<\/p>\n<p>&nbsp;<\/p>\n<p>[\/et_pb_divider][\/et_pb_column][et_pb_column type=&#8221;1_4&#8243;][\/et_pb_column][\/et_pb_row][et_pb_row admin_label=&#8221;Fila&#8221;][et_pb_column type=&#8221;1_4&#8243;][\/et_pb_column][et_pb_column type=&#8221;1_2&#8243;][et_pb_divider admin_label=&#8221;Separador&#8221; color=&#8221;#ffffff&#8221; show_divider=&#8221;off&#8221; divider_style=&#8221;solid&#8221; divider_position=&#8221;top&#8221; hide_on_mobile=&#8221;on&#8221; height=&#8221;10&#8243;]<\/p>\n<p>&nbsp;<\/p>\n<p>[\/et_pb_divider][\/et_pb_column][et_pb_column type=&#8221;1_4&#8243;][\/et_pb_column][\/et_pb_row][\/et_pb_section][et_pb_section admin_label=&#8221;Secci\u00f3n&#8221; fullwidth=&#8221;off&#8221; specialty=&#8221;off&#8221;][et_pb_row admin_label=&#8221;Fila&#8221;][et_pb_column type=&#8221;3_4&#8243;][et_pb_text admin_label=&#8221;Texto&#8221; _builder_version=&#8221;3.10.1&#8243; text_font=&#8221;Domine|700|||||||&#8221; text_text_color=&#8221;#111111&#8243; text_font_size=&#8221;16px&#8221; background_layout=&#8221;light&#8221; text_orientation=&#8221;left&#8221; use_border_color=&#8221;off&#8221; border_color=&#8221;#ffffff&#8221; border_style=&#8221;solid&#8221;]<\/p>\n<p>Para acessar a Especializa\u00e7\u00e3o \u00e9 recomend\u00e1vel seguir os seguir os passos:<\/p>\n<p>PASO 1:<\/p>\n<p>Para acessar o t\u00edtulo, \u00e9 recomend\u00e1vel seguir as seguintes etapas:<\/p>\n<p>Para fazer a pr\u00e9-inscri\u00e7\u00e3o para a <strong>Especializa\u00e7\u00e3o Profissional em Educa\u00e7\u00e3o Aqu\u00e1tica<\/strong>, voc\u00ea deve primeiro acessar <a href=\"http:\/\/universite.umh.es\/fpogestion\/aspx\/Preinscripcion\/Preinscripcion.aspx\">aqu\u00ed<\/a> e preencher a inscri\u00e7\u00e3o. (Estes s\u00e3o os dados solicitados pelo formul\u00e1rio: Tipo de ensino: \u00abCurso de especializa\u00e7\u00e3o profissional\u00bb; Ensino: EDUCA\u00c7\u00c3O AQU\u00c1TICA).<\/p>\n<p>PASSO 2:<\/p>\n<p>Ap\u00f3s a conclus\u00e3o do pr\u00e9-registro, as seguintes informa\u00e7\u00f5es digitalizadas devem ser enviadas para lamoraga@umh.es :<\/p>\n<ul>\n<li>Comprovante do pr\u00e9-registro (informa\u00e7\u00f5es do e-mail de confirma\u00e7\u00e3o que voc\u00ea receber\u00e1 quando prescrever).<\/li>\n<li>Fotoc\u00f3pia do DNI, NIF, RG ou passaporte.<\/li>\n<li>Curriculum Vitae.<\/li>\n<\/ul>\n<p>Consulte as bolsas em www.umh.es<\/p>\n<p><b>Crit\u00e9rios de sele\u00e7\u00e3o:<\/b><\/p>\n<ul>\n<li>Curriculum Vitae.<\/li>\n<\/ul>\n<p>[\/et_pb_text][\/et_pb_column][et_pb_column type=&#8221;1_4&#8243;][et_pb_pricing_tables admin_label=&#8221;Tablas de precios&#8221; show_bullet=&#8221;on&#8221; center_list_items=&#8221;off&#8221; use_border_color=&#8221;off&#8221; border_color=&#8221;#ffffff&#8221; border_style=&#8221;solid&#8221; custom_button=&#8221;off&#8221; button_letter_spacing=&#8221;0&#8243; button_use_icon=&#8221;default&#8221; button_icon_placement=&#8221;right&#8221; button_on_hover=&#8221;on&#8221; button_letter_spacing_hover=&#8221;0&#8243; remove_featured_drop_shadow=&#8221;off&#8221;] [et_pb_pricing_table featured=&#8221;on&#8221; title=&#8221;Pre\u00e7o&#8221; currency=&#8221;\u20ac&#8221; sum=&#8221;1175,50&#8243; header_font_select=&#8221;default&#8221; header_font=&#8221;||||&#8221; subheader_font_select=&#8221;default&#8221; subheader_font=&#8221;||||&#8221; currency_frequency_font_select=&#8221;default&#8221; currency_frequency_font=&#8221;||||&#8221; price_font_select=&#8221;default&#8221; price_font=&#8221;||||&#8221; body_font_select=&#8221;default&#8221; body_font=&#8221;||||&#8221; custom_button=&#8221;off&#8221; button_font_select=&#8221;default&#8221; button_font=&#8221;||||&#8221; button_use_icon=&#8221;default&#8221; button_icon_placement=&#8221;right&#8221; button_on_hover=&#8221;on&#8221; price_font_size=&#8221;56&#8243; price_font_size_tablet=&#8221;56&#8243; price_font_size_phone=&#8221;56&#8243; price_line_height=&#8221;59px&#8221; price_line_height_tablet=&#8221;59px&#8221; price_line_height_phone=&#8221;59px&#8221;] [\/et_pb_pricing_table][et_pb_pricing_table featured=&#8221;on&#8221; title=&#8221;Inscri\u00e7\u00e3o&#8221; header_font_select=&#8221;default&#8221; header_font=&#8221;||||&#8221; subheader_font_select=&#8221;default&#8221; subheader_font=&#8221;||||&#8221; currency_frequency_font_select=&#8221;default&#8221; currency_frequency_font=&#8221;||||&#8221; price_font_select=&#8221;default&#8221; price_font=&#8221;||||&#8221; body_font_select=&#8221;default&#8221; body_font=&#8221;||||&#8221; custom_button=&#8221;off&#8221; button_font_select=&#8221;default&#8221; button_font=&#8221;||||&#8221; button_use_icon=&#8221;default&#8221; button_icon_placement=&#8221;right&#8221; button_on_hover=&#8221;on&#8221;]<\/p>\n<p>01\/04\/2021 a 15\/10\/2021<\/p>\n<p>[\/et_pb_pricing_table][et_pb_pricing_table featured=&#8221;on&#8221; title=&#8221;Per\u00edodo &#8221; header_font_select=&#8221;default&#8221; header_font=&#8221;||||&#8221; subheader_font_select=&#8221;default&#8221; subheader_font=&#8221;||||&#8221; currency_frequency_font_select=&#8221;default&#8221; currency_frequency_font=&#8221;||||&#8221; price_font_select=&#8221;default&#8221; price_font=&#8221;||||&#8221; body_font_select=&#8221;default&#8221; body_font=&#8221;||||&#8221; custom_button=&#8221;off&#8221; button_font_select=&#8221;default&#8221; button_font=&#8221;||||&#8221; button_use_icon=&#8221;default&#8221; button_icon_placement=&#8221;right&#8221; button_on_hover=&#8221;on&#8221;]<\/p>\n<p>02\/11\/2021 a 30\/06\/2022<\/p>\n<p>[\/et_pb_pricing_table] [\/et_pb_pricing_tables][\/et_pb_column][\/et_pb_row][\/et_pb_section][et_pb_section admin_label=&#8221;Secci\u00f3n&#8221; fullwidth=&#8221;off&#8221; specialty=&#8221;off&#8221;][et_pb_row admin_label=&#8221;Fila&#8221;][et_pb_column type=&#8221;1_2&#8243;][et_pb_text admin_label=&#8221;Texto&#8221; _builder_version=&#8221;3.10.1&#8243; text_font=&#8221;Domine|700|||||||&#8221; text_text_color=&#8221;#111111&#8243; text_font_size=&#8221;16px&#8221; background_layout=&#8221;light&#8221; text_orientation=&#8221;left&#8221; use_border_color=&#8221;off&#8221; border_color=&#8221;#ffffff&#8221; border_style=&#8221;solid&#8221;]<\/p>\n<p><b>Matr\u00edcula (inscri\u00e7\u00e3o) <\/b><\/p>\n<p>A taxa de inscri\u00e7\u00e3o inclui forma\u00e7\u00e3o (especialistas e tutor), al\u00e9m de <b>acesso \u00e0 sala de aula virtual, uso de ferramentas de estudo e comunica\u00e7\u00e3o e materiais interativos<\/b>. N\u00e3o h\u00e1 taxa de inscri\u00e7\u00e3o adicional para abertura ou gerenciamento de inscri\u00e7\u00e3o. Materiais de terceiros, como livros did\u00e1ticos, n\u00e3o est\u00e3o inclu\u00eddos.<\/p>\n<p>Existem <b>outros conceitos <\/b>de natureza administrativa que o aluno pode solicitar, como certificados, emiss\u00e3o de t\u00edtulos, duplicatas ou outros, e que ter\u00e3o um custo independente.<\/p>\n<p>Prazos de inscri\u00e7\u00e3o: 05\/07\/20 a 15\/10\/20<\/p>\n<p>Pre\u00e7o: \u20ac 1.175,50<\/p>\n<p style=\"text-align: justify;\">O <b>pagamento<\/b> pode ser parcelado em parcelas<\/p>\n<p>[\/et_pb_text][\/et_pb_column][et_pb_column type=&#8221;1_2&#8243;][et_pb_image admin_label=&#8221;Imagen&#8221; src=&#8221;http:\/\/educacionacuatica.umh.es\/files\/2019\/05\/WhatsApp-Image-2019-05-30-at-06.43.37.jpeg&#8221; show_in_lightbox=&#8221;off&#8221; url_new_window=&#8221;off&#8221; use_overlay=&#8221;off&#8221; animation=&#8221;fade_in&#8221; sticky=&#8221;off&#8221; align=&#8221;center&#8221; force_fullwidth=&#8221;off&#8221; always_center_on_mobile=&#8221;on&#8221; use_border_color=&#8221;off&#8221; border_color=&#8221;#ffffff&#8221; border_style=&#8221;solid&#8221;]<\/p>\n<p>&nbsp;<\/p>\n<p>[\/et_pb_image][\/et_pb_column][\/et_pb_row][\/et_pb_section][et_pb_section admin_label=&#8221;banner&#8221; global_module=&#8221;1076&#8243; fullwidth=&#8221;off&#8221; specialty=&#8221;off&#8221; transparent_background=&#8221;off&#8221; background_color=&#8221;#ffc72c&#8221; allow_player_pause=&#8221;off&#8221; inner_shadow=&#8221;off&#8221; parallax=&#8221;off&#8221; parallax_method=&#8221;off&#8221; custom_padding=&#8221;0px||0px|&#8221; padding_mobile=&#8221;on&#8221; make_fullwidth=&#8221;off&#8221; use_custom_width=&#8221;off&#8221; width_unit=&#8221;on&#8221; make_equal=&#8221;off&#8221; use_custom_gutter=&#8221;off&#8221; module_class=&#8221;banner&#8221; custom_css_main_element=&#8221;position: fixed;||left: 0;||right: 0;||bottom: 0;||z-index: 100;&#8221; disabled=&#8221;off&#8221; disabled_on=&#8221;off|off|off&#8221;][et_pb_row global_parent=&#8221;1076&#8243; admin_label=&#8221;Fila&#8221; make_fullwidth=&#8221;off&#8221; use_custom_width=&#8221;on&#8221; width_unit=&#8221;on&#8221; custom_width_px=&#8221;860px&#8221; use_custom_gutter=&#8221;off&#8221; padding_mobile=&#8221;on&#8221; allow_player_pause=&#8221;off&#8221; parallax=&#8221;off&#8221; parallax_method=&#8221;off&#8221; make_equal=&#8221;off&#8221; parallax_1=&#8221;off&#8221; parallax_method_1=&#8221;off&#8221; parallax_2=&#8221;off&#8221; parallax_method_2=&#8221;off&#8221; column_padding_mobile=&#8221;on&#8221; custom_css_main_1=&#8221;margin-bottom: 0;&#8221;][et_pb_column type=&#8221;1_2&#8243;][et_pb_text global_parent=&#8221;1076&#8243; admin_label=&#8221;Texto&#8221; background_layout=&#8221;light&#8221; text_orientation=&#8221;center&#8221; use_border_color=&#8221;off&#8221; border_color=&#8221;#ffffff&#8221; border_style=&#8221;solid&#8221;]<\/p>\n<h4>Periodo de preinscripci\u00f3n abierto<\/h4>\n<p>[\/et_pb_text][\/et_pb_column][et_pb_column type=&#8221;1_4&#8243;][et_pb_button global_parent=&#8221;1076&#8243; admin_label=&#8221;Bot\u00f3n&#8221; button_url=&#8221;http:\/\/universite.umh.es\/fpogestion\/aspx\/Preinscripcion\/Preinscripcion.aspx&#8221; url_new_window=&#8221;on&#8221; button_text=&#8221;\u00a1Preinscr\u00edbete!&#8221; button_alignment=&#8221;center&#8221; background_layout=&#8221;dark&#8221; custom_button=&#8221;on&#8221; button_bg_color=&#8221;#a6192e&#8221; button_border_color=&#8221;#a6192e&#8221; button_letter_spacing=&#8221;0&#8243; button_use_icon=&#8221;default&#8221; button_icon_placement=&#8221;right&#8221; button_on_hover=&#8221;on&#8221; button_letter_spacing_hover=&#8221;0&#8243;] [\/et_pb_button][\/et_pb_column][et_pb_column type=&#8221;1_4&#8243;][et_pb_button global_parent=&#8221;1076&#8243; admin_label=&#8221;Bot\u00f3n&#8221; button_url=&#8221;https:\/\/drive.google.com\/file\/d\/1CcsZdQwUVPbdG6wE_BnDtGGnhJkp3cLS\/view&#8221; url_new_window=&#8221;off&#8221; button_text=&#8221;Programa&#8221; button_alignment=&#8221;left&#8221; background_layout=&#8221;dark&#8221; custom_button=&#8221;on&#8221; button_text_color=&#8221;#ffffff&#8221; button_bg_color=&#8221;#81d742&#8243; button_border_color=&#8221;rgba(255,255,255,0)&#8221; button_letter_spacing=&#8221;0&#8243; button_use_icon=&#8221;default&#8221; button_icon=&#8221;%%232%%&#8221; button_icon_placement=&#8221;right&#8221; button_on_hover=&#8221;on&#8221; button_letter_spacing_hover=&#8221;0&#8243;] [\/et_pb_button][\/et_pb_column][\/et_pb_row][\/et_pb_section]<\/p>","protected":false},"excerpt":{"rendered":"<p>[et_pb_section admin_label=&#8221;section&#8221; bb_built=&#8221;1&#8243; _builder_version=&#8221;3.10.1&#8243; use_background_color_gradient=&#8221;on&#8221; background_size=&#8221;initial&#8221; prev_background_color=&#8221;#6fb97a&#8221; next_background_color=&#8221;#ffffff&#8221; transparent_background=&#8221;off&#8221; allow_player_pause=&#8221;off&#8221; inner_shadow=&#8221;off&#8221; parallax=&#8221;off&#8221; parallax_method=&#8221;off&#8221; padding_mobile=&#8221;off&#8221; make_fullwidth=&#8221;off&#8221; use_custom_width=&#8221;off&#8221; width_unit=&#8221;on&#8221; make_equal=&#8221;off&#8221; use_custom_gutter=&#8221;off&#8221; background_image=&#8221;http:\/\/educacionacuatica.umh.es\/files\/2019\/05\/Portugues.jpg&#8221;][et_pb_row admin_label=&#8221;Fila&#8221;][et_pb_column type=&#8221;1_4&#8243;][\/et_pb_column][et_pb_column type=&#8221;1_2&#8243;][et_pb_divider admin_label=&#8221;Separador&#8221; color=&#8221;#ffffff&#8221; show_divider=&#8221;off&#8221; divider_style=&#8221;solid&#8221; divider_position=&#8221;top&#8221; hide_on_mobile=&#8221;on&#8221; height=&#8221;10&#8243;] &nbsp; [\/et_pb_divider][\/et_pb_column][et_pb_column type=&#8221;1_4&#8243;][\/et_pb_column][\/et_pb_row][et_pb_row admin_label=&#8221;Fila&#8221;][et_pb_column type=&#8221;1_4&#8243;][\/et_pb_column][et_pb_column type=&#8221;1_2&#8243;][et_pb_divider admin_label=&#8221;Separador&#8221; color=&#8221;#ffffff&#8221; show_divider=&#8221;off&#8221; divider_style=&#8221;solid&#8221; divider_position=&#8221;top&#8221; hide_on_mobile=&#8221;on&#8221; height=&#8221;10&#8243;] &nbsp; [\/et_pb_divider][\/et_pb_column][et_pb_column type=&#8221;1_4&#8243;][\/et_pb_column][\/et_pb_row][et_pb_row admin_label=&#8221;Fila&#8221;][et_pb_column type=&#8221;1_4&#8243;][\/et_pb_column][et_pb_column type=&#8221;1_2&#8243;][et_pb_divider admin_label=&#8221;Separador&#8221; color=&#8221;#ffffff&#8221; show_divider=&#8221;off&#8221; divider_style=&#8221;solid&#8221; divider_position=&#8221;top&#8221; hide_on_mobile=&#8221;on&#8221; [&hellip;]<\/p>\n","protected":false},"author":16999,"featured_media":0,"parent":0,"menu_order":60,"comment_status":"open","ping_status":"open","template":"","meta":{"_links_to":"","_links_to_target":""},"_links":{"self":[{"href":"https:\/\/educacionacuatica.umh.es\/pt\/wp-json\/wp\/v2\/pages\/322"}],"collection":[{"href":"https:\/\/educacionacuatica.umh.es\/pt\/wp-json\/wp\/v2\/pages"}],"about":[{"href":"https:\/\/educacionacuatica.umh.es\/pt\/wp-json\/wp\/v2\/types\/page"}],"author":[{"embeddable":true,"href":"https:\/\/educacionacuatica.umh.es\/pt\/wp-json\/wp\/v2\/users\/16999"}],"replies":[{"embeddable":true,"href":"https:\/\/educacionacuatica.umh.es\/pt\/wp-json\/wp\/v2\/comments?post=322"}],"version-history":[{"count":0,"href":"https:\/\/educacionacuatica.umh.es\/pt\/wp-json\/wp\/v2\/pages\/322\/revisions"}],"wp:attachment":[{"href":"https:\/\/educacionacuatica.umh.es\/pt\/wp-json\/wp\/v2\/media?parent=322"}],"curies":[{"name":"wp","href":"https:\/\/api.w.org\/{rel}","templated":true}]}}